{"id":173,"date":"2020-02-14T00:31:55","date_gmt":"2020-02-13T22:31:55","guid":{"rendered":"https:\/\/rundesache-coaching.de\/?page_id=173"},"modified":"2023-03-07T20:52:02","modified_gmt":"2023-03-07T18:52:02","slug":"gespraechsfuehrung","status":"publish","type":"page","link":"https:\/\/rundesache-coaching.de\/?page_id=173","title":{"rendered":"Kommunikation"},"content":{"rendered":"<h2 style=\"text-align: right;\"><em>&#8222;Man kann nicht, nicht kommunizieren&#8230;.&#8220;<\/em><\/h2>\n<p>Dieses bekannte Zitat des Kommunikationswissenschaftlers Paul Watzlawick macht deutlich, dass wir zu jeder Zeit miteinander im Austausch stehen und sich Kommunikation in nahezu in allen Momenten des menschlichen Lebens ereignet. Kommunikation umfasst die F\u00e4higkeiten, sich mitzuteilen und zu verstehen und ist das zentrale Transportmittel um Informationen, Erwartungen, W\u00fcnsche und Gef\u00fchle miteinander auszutauschen.\u00a0 \u00a0 Kommunikation ist facettenreich und findet sowohl verbal als auch nonverbal statt. Sie dr\u00fcckt sich in Sprache, Mimik, Gestik, Zeichen, Geb\u00e4rden und, so paradox das klingen mag, auch\u00a0 im Schweigen aus. Kommunikation ist demnach vielschichtig und komplex. Und von daher ist nichts einfacher als in der Kommunikation zu scheitern. Wie also gelingt es, Missverst\u00e4ndnissen vorzubeugen, unterschiedliche Erwartungen miteinander in Einklang zu bringen, Ziele zu vereinbaren und sich auf einen gemeinschaftlichen Weg dorthin zu verst\u00e4ndigen.<\/p>\n<h2>Was macht eine gute Kommunikation aus?<\/h2>\n<p>Die Gestaltung von Gespr\u00e4chen mit Kindern, Eltern, im Team, mit dem Tr\u00e4ger oder weiteren beteiligten Professionen ist eine der wesentlichen Aufgaben im p\u00e4dagogischen Praxisalltag. Dabei stellen sich immer wieder besondere Herausforderungen:<\/p>\n<ul>\n<li>Wie l\u00e4sst sich Unangenehmes ansprechen?<\/li>\n<li>Was braucht es, um einen begonnenen Dialog fortzusetzen?<\/li>\n<li>Wie findet sich ein gemeinsamer Nenner?<\/li>\n<li>Wie l\u00e4sst sich Kontaktabbruch vermeiden?<\/li>\n<\/ul>\n<p>In diesem Angebot geht es darum,\u00a0 sich damit auseinanderzusetzen, wie schwierige Gespr\u00e4che gelingen k\u00f6nnen.<\/p>\n<h3>Was ist das Ziel?<\/h3>\n<p>Ziel ist das Kennenlernen und Ausprobieren unterschiedlicher Gespr\u00e4chstechniken, sowie der Austausch hier\u00fcber. Eben kommunikativ zu sein! Anhand verschiedener \u00dcbungen erhalten Sie die M\u00f6glichkeit, die Techniken anzuwenden und auf die praktische Arbeit zu \u00fcbertragen. Dar\u00fcber hinaus erm\u00f6glicht der gesch\u00fctzte Rahmen dieser Veranstaltung das eigene Kommunikationsverhalten zu reflektieren und praxisbezogene Anregungen zur Verbesserung der eigenen Gespr\u00e4chsf\u00fchrungskompetenz zu erarbeiten.<\/p>\n<h3>Inhalte des Workshops<\/h3>\n<ul>\n<li>Grundlagen der Gespr\u00e4chsf\u00fchrung<\/li>\n<li>Haltung und Gespr\u00e4chstechniken<\/li>\n<li>Gestaltung der Gespr\u00e4chsumgebung<\/li>\n<li>Gestaltung von Vereinbarungen<\/li>\n<li>Rollenspiele und praktische \u00dcbungen (Trauen Sie sich! Praktische Erfahrungen haben einen weitaus h\u00f6heren Nutzen f\u00fcr Ihren Berufsalltag als die reine Theorie!)<\/li>\n<\/ul>\n","protected":false},"excerpt":{"rendered":"<p>&#8222;Man kann nicht, nicht kommunizieren&#8230;.&#8220; Dieses bekannte Zitat des Kommunikationswissenschaftlers Paul Watzlawick macht deutlich, dass wir zu jeder Zeit miteinander im Austausch stehen und sich Kommunikation in nahezu in allen Momenten des menschlichen Lebens ereignet. Kommunikation umfasst die F\u00e4higkeiten, sich mitzuteilen und zu verstehen und ist das zentrale Transportmittel um Informationen, Erwartungen, W\u00fcnsche und Gef\u00fchle &#8230; <a title=\"Kommunikation\" class=\"read-more\" href=\"https:\/\/rundesache-coaching.de\/?page_id=173\" aria-label=\"Mehr Informationen \u00fcber Kommunikation\">Weiterlesen &#8230;<\/a><\/p>\n","protected":false},"author":3,"featured_media":0,"parent":0,"menu_order":0,"comment_status":"closed","ping_status":"closed","template":"","meta":{"footnotes":""},"class_list":["post-173","page","type-page","status-publish"],"_links":{"self":[{"href":"https:\/\/rundesache-coaching.de\/index.php?rest_route=\/wp\/v2\/pages\/173","targetHints":{"allow":["GET"]}}],"collection":[{"href":"https:\/\/rundesache-coaching.de\/index.php?rest_route=\/wp\/v2\/pages"}],"about":[{"href":"https:\/\/rundesache-coaching.de\/index.php?rest_route=\/wp\/v2\/types\/page"}],"author":[{"embeddable":true,"href":"https:\/\/rundesache-coaching.de\/index.php?rest_route=\/wp\/v2\/users\/3"}],"replies":[{"embeddable":true,"href":"https:\/\/rundesache-coaching.de\/index.php?rest_route=%2Fwp%2Fv2%2Fcomments&post=173"}],"version-history":[{"count":8,"href":"https:\/\/rundesache-coaching.de\/index.php?rest_route=\/wp\/v2\/pages\/173\/revisions"}],"predecessor-version":[{"id":472,"href":"https:\/\/rundesache-coaching.de\/index.php?rest_route=\/wp\/v2\/pages\/173\/revisions\/472"}],"wp:attachment":[{"href":"https:\/\/rundesache-coaching.de\/index.php?rest_route=%2Fwp%2Fv2%2Fmedia&parent=173"}],"curies":[{"name":"wp","href":"https:\/\/api.w.org\/{rel}","templated":true}]}}