{"id":187,"date":"2020-09-30T15:52:52","date_gmt":"2020-09-30T13:52:52","guid":{"rendered":"https:\/\/rundesache-coaching.de\/?page_id=187"},"modified":"2023-03-20T19:49:11","modified_gmt":"2023-03-20T17:49:11","slug":"vernetzung-und-kooperation","status":"publish","type":"page","link":"https:\/\/rundesache-coaching.de\/?page_id=187","title":{"rendered":"Netzwerkarbeit"},"content":{"rendered":"<h1 style=\"text-align: left;\">Vernetzung st\u00e4rkt alle!<\/h1>\n<h3 style=\"text-align: right;\"><strong><em>&#8222;Zusammenkommen ist ein Beginn,<\/em><\/strong><br \/>\n<strong><em>Zusammenbleiben ein Fortschritt,<\/em><\/strong><br \/>\n<strong><em>Zusammenarbeiten ein Erfolg.<\/em><\/strong><em><strong>&#8220;<br \/>\n<\/strong><\/em>Henry Ford, amerikanischer Industrieller (1863 -1947)<\/h3>\n<p>Vor dem Hintergrund wachsender Komplexit\u00e4t gesellschaftlicher Herausforderungen gewinnt die Netzwerkarbeit zunehmend an Bedeutung. Netzwerken wird zuweilen als Modeerscheinung abgetan, hat sich aber aufgrund seines Nutzens in den letzten Jahren in vielen Arbeitsbereichen als eigenst\u00e4ndiges T\u00e4tigkeitsfeld entwickelt und etabliert. Insbesondere in der Sozialen Arbeit spielt Zusammenarbeit eine gro\u00dfe Rolle, weil Familien und ihre Kinder sich meist in einer Vielzahl unterschiedlicher Leistungs- und Unterst\u00fctzungssystemen bewegen. Hier eine regelhafte Kooperation der Beteiligten einzugehen, schafft viele neue M\u00f6glichkeiten: Die Integration verschiedener Sichtweisen und Kompetenzen, die B\u00fcndelung von vorhandenen Ressourcen (und nicht ihre Verschwendung) sowie die positive Wirkungsweise auf die Entwicklung neuer, pr\u00e4ventiver Ideen und gemeinschaftlich aufeinander abgestimmter \u00a0Unterst\u00fctzungsans\u00e4tze. Mit- und voneinander lernen kann also jede Menge bewegen und Weiterentwicklung in Gang setzen. Demnach liegt im Netzwerken ein Riesenpotential, den umfassender werdenden Aufgaben im p\u00e4dagogischen Praxisalltag mit unterschiedlichsten Formaten und L\u00f6sungsm\u00f6glichkeiten zu begegnen. Doch Netzwerkarbeit bleibt leider nicht selten hinter seinen M\u00f6glichkeiten zur\u00fcck, aus vielen unterschiedlichen Gr\u00fcnden.<\/p>\n<p>Wirkungsvolle Zusammenarbeit mit einem hohen gesellschaftlichen Nutzen und dem Potential f\u00fcr Weiterentwicklungen stellt besondere Erfordernisse an Kooperation. Damit Netzwerkarbeit gelingt und ihre M\u00f6glichkeiten hervorbringen bringen kann, lassen sich wesentliche Grunds\u00e4tze f\u00fcr die Zusammenarbeit vom Personzentrierten Ansatz lernen. Zun\u00e4chst einmal braucht es eine Haltung von Wertsch\u00e4tzung und Respekt gegen\u00fcber allen an der Zusammenarbeit Mitwirkenden, eine Begegnung auf Augenh\u00f6he sowie die Anerkennung der jeweiligen Voraussetzungen und Leistungen der beteiligten Arbeitssysteme. Ebenso ist es erforderlich, sich auf den aktiven Prozess des \u201eZuh\u00f6rens und Verstehens\u201c einzulassen. Nur so l\u00e4sst sich ein gemeinsames Ziel definieren, auf dessen Grundlage alle Interessen ber\u00fccksichtigt werden und sich etwas Neues entwickeln kann. So ist man auf dem Weg zusammen nicht nur weniger allein, sondern aus dem Mythos der Kooperation kann gelebte Realit\u00e4t werden.<\/p>\n<p>Welche Voraussetzungen und Bedingungen f\u00fcr eine regel- und dauerhafte Zusammenarbeit in einem Netzwerk mit einem Gewinn f\u00fcr Alle erforderlich sind, ist Gegenstand dieses Workshops.<\/p>\n<p>Das Angebot richtet sich an Akteure unterschiedlichster Leistungs- und Unterst\u00fctzungssysteme (z.B. Kita, Schule, Jugend- und Gesundheitshilfe, \u00f6ffentliche Dienste, Quartiersmanagement etc.):<\/p>\n<ol>\n<li>Die Kooperationsbeziehungen im Interesse Ihrer Zielgruppen eingehen m\u00f6chten,<\/li>\n<li>f\u00fcr die der Mehrwert einer multiprofessionellen Zusammenarbeit den der Mehrarbeit \u00fcbersteigt und<\/li>\n<li>die, die systemimmanente<img loading=\"lazy\" decoding=\"async\" class=\"size-medium wp-image-475 alignright\" src=\"https:\/\/rundesache-coaching.de\/wp-content\/uploads\/2023\/03\/human-resources-2724191_960_720-300x300.png\" alt=\"\" width=\"300\" height=\"300\" srcset=\"https:\/\/rundesache-coaching.de\/wp-content\/uploads\/2023\/03\/human-resources-2724191_960_720-300x300.png 300w, https:\/\/rundesache-coaching.de\/wp-content\/uploads\/2023\/03\/human-resources-2724191_960_720-150x150.png 150w, https:\/\/rundesache-coaching.de\/wp-content\/uploads\/2023\/03\/human-resources-2724191_960_720.png 720w\" sizes=\"auto, (max-width: 300px) 100vw, 300px\" \/> Hindernisse zugunsten gelingender Kooperationen \u00fcberwinden wollen.<\/li>\n<\/ol>\n<p>Dabei bildet die gemeinschaftliche Auseinandersetzung mit folgenden Inhalten die Basis f\u00fcr eine verzahnte und wirkungsvolle Zusammenarbeit in einem Netzwerk.<\/p>\n<ul>\n<li>Grundlagen und Rahmenbedingungen der Netzwerkbildung<\/li>\n<li>Voraussetzungen und Erfolgsfaktoren gelingender Netzwerkarbeit<\/li>\n<li>M\u00f6gliche Netzwerkfallen erkennen<\/li>\n<li>Beispiele erfolgreicher Netzwerkbildung<\/li>\n<li>Bedeutung und Wirkung von \u00d6ffentlichkeitsarbeit zum Netzwerk<\/li>\n<li>Handlungsrahmen und Zielorientierung des geplanten Netzwerkes<\/li>\n<\/ul>\n<p>Wenn Sie sich f\u00fcr dieses Angebot interessieren, auch im Kontext der Umsetzung p\u00e4dagogischer Projektideen mehrerer Institutionen und Organisationen, sprechen Sie mich gerne an. In einem ersten Vorbereitungsgespr\u00e4ch mit den Beteiligten kl\u00e4ren wir die gew\u00fcnschten Bedarfe zur Gestaltung und Umsetzung ihrer Netzwerkidee im Rahmen eines Workshops.<\/p>\n<p>&nbsp;<\/p>\n<p>&nbsp;<\/p>\n","protected":false},"excerpt":{"rendered":"<p>Vernetzung st\u00e4rkt alle! &#8222;Zusammenkommen ist ein Beginn, Zusammenbleiben ein Fortschritt, Zusammenarbeiten ein Erfolg.&#8220; Henry Ford, amerikanischer Industrieller (1863 -1947) Vor dem Hintergrund wachsender Komplexit\u00e4t gesellschaftlicher Herausforderungen gewinnt die Netzwerkarbeit zunehmend an Bedeutung. Netzwerken wird zuweilen als Modeerscheinung abgetan, hat sich aber aufgrund seines Nutzens in den letzten Jahren in vielen Arbeitsbereichen als eigenst\u00e4ndiges T\u00e4tigkeitsfeld entwickelt &#8230; <a title=\"Netzwerkarbeit\" class=\"read-more\" href=\"https:\/\/rundesache-coaching.de\/?page_id=187\" aria-label=\"Mehr Informationen \u00fcber Netzwerkarbeit\">Weiterlesen &#8230;<\/a><\/p>\n","protected":false},"author":3,"featured_media":0,"parent":0,"menu_order":0,"comment_status":"closed","ping_status":"closed","template":"","meta":{"footnotes":""},"class_list":["post-187","page","type-page","status-publish"],"_links":{"self":[{"href":"https:\/\/rundesache-coaching.de\/index.php?rest_route=\/wp\/v2\/pages\/187","targetHints":{"allow":["GET"]}}],"collection":[{"href":"https:\/\/rundesache-coaching.de\/index.php?rest_route=\/wp\/v2\/pages"}],"about":[{"href":"https:\/\/rundesache-coaching.de\/index.php?rest_route=\/wp\/v2\/types\/page"}],"author":[{"embeddable":true,"href":"https:\/\/rundesache-coaching.de\/index.php?rest_route=\/wp\/v2\/users\/3"}],"replies":[{"embeddable":true,"href":"https:\/\/rundesache-coaching.de\/index.php?rest_route=%2Fwp%2Fv2%2Fcomments&post=187"}],"version-history":[{"count":14,"href":"https:\/\/rundesache-coaching.de\/index.php?rest_route=\/wp\/v2\/pages\/187\/revisions"}],"predecessor-version":[{"id":481,"href":"https:\/\/rundesache-coaching.de\/index.php?rest_route=\/wp\/v2\/pages\/187\/revisions\/481"}],"wp:attachment":[{"href":"https:\/\/rundesache-coaching.de\/index.php?rest_route=%2Fwp%2Fv2%2Fmedia&parent=187"}],"curies":[{"name":"wp","href":"https:\/\/api.w.org\/{rel}","templated":true}]}}