{"id":20,"date":"2020-01-12T10:35:24","date_gmt":"2020-01-12T08:35:24","guid":{"rendered":"http:\/\/rundesache-coaching.de\/?page_id=20"},"modified":"2022-05-26T21:20:17","modified_gmt":"2022-05-26T19:20:17","slug":"sabine-strohmenger","status":"publish","type":"page","link":"https:\/\/rundesache-coaching.de\/","title":{"rendered":"Willkommen"},"content":{"rendered":"<p style=\"text-align: right;\"><img loading=\"lazy\" decoding=\"async\" class=\"alignleft wp-image-320 size-full\" src=\"https:\/\/rundesache-coaching.de\/wp-content\/uploads\/2022\/05\/shell-1348742_640-e1652382634650.jpg\" alt=\"\" width=\"640\" height=\"374\" srcset=\"https:\/\/rundesache-coaching.de\/wp-content\/uploads\/2022\/05\/shell-1348742_640-e1652382634650.jpg 640w, https:\/\/rundesache-coaching.de\/wp-content\/uploads\/2022\/05\/shell-1348742_640-e1652382634650-300x175.jpg 300w\" sizes=\"auto, (max-width: 640px) 100vw, 640px\" \/><\/p>\n<p style=\"text-align: right;\"><em>\u201eWenn Dir jemand wirklich zuh\u00f6rt. Wenn Dir jemand wirklich zuh\u00f6rt, ohne dich zu verurteilen, ohne dass er den Versuch macht, die Verantwortung f\u00fcr Dich zu \u00fcbernehmen oder Dich nach seinen Mustern zu formen \u2013 dann f\u00fchlt sich das verdammt gut an. Jedes Mal, wenn mir zugeh\u00f6rt wird und ich verstanden werde, kann ich meine Welt mit neuen Augen sehen und weiterkommen. Es ist erstaunlich, wie scheinbar unl\u00f6sbare Dinge doch zu bew\u00e4ltigen sind, wenn jemand zuh\u00f6rt.\u201c<br \/>\n<\/em>Carl R. Rogers (1902-1987)<\/p>\n<p>&nbsp;<\/p>\n<p>&nbsp;<\/p>\n<p>&nbsp;<\/p>\n<p style=\"text-align: left;\">Nach Carl R. Rogers, dem Begr\u00fcnder der klientenzentrierten, heute personzentrierten Psychotherapie bilden genaues Zuh\u00f6ren, empathisches Verstehen und die bedingungslose Wertsch\u00e4tzung einer Person die Basis, um aus sich selbst heraus neue Sichtweisen zu entwickeln und Ver\u00e4nderung zu bewirken. Eine Atmosph\u00e4re, die von Einf\u00fchlungsverm\u00f6gen, Verst\u00e4ndnis, Echtheit und Vertrauen getragen ist, f\u00f6rdert eigene St\u00e4rken und L\u00f6sungsideen . In diesen Entwicklungsprozess auch den K\u00f6rper mit einzubeziehen, n\u00e4mlich das, was in Beziehung zu dem, was wir denken, k\u00f6rperlich sp\u00fcr- und erlebbar wird, regt weitere Entwicklungsimpulse an und erweitert die Handlungsspielr\u00e4ume.<\/p>\n<p>Auf Grundlage dieses Verst\u00e4ndnisses von Begleitung und Beratung, biete ich Ihnen an, gemeinsam mit Ihnen einen Freiraum zu schaffen, der pers\u00f6nliche Weiterentwicklung erm\u00f6glicht, und Sie sich in die Richtung \u00e4ndern k\u00f6nnen, die Sie sich w\u00fcnschen.<\/p>\n<p style=\"text-align: left;\">Mein Angebot als Coach &amp; Beraterin steht daf\u00fcr, Ihren Prozess personzentriert und erlebensorientiert zu begleiten.<\/p>\n","protected":false},"excerpt":{"rendered":"<p>\u201eWenn Dir jemand wirklich zuh\u00f6rt. Wenn Dir jemand wirklich zuh\u00f6rt, ohne dich zu verurteilen, ohne dass er den Versuch macht, die Verantwortung f\u00fcr Dich zu \u00fcbernehmen oder Dich nach seinen Mustern zu formen \u2013 dann f\u00fchlt sich das verdammt gut an. Jedes Mal, wenn mir zugeh\u00f6rt wird und ich verstanden werde, kann ich meine Welt &#8230; <a title=\"Willkommen\" class=\"read-more\" href=\"https:\/\/rundesache-coaching.de\/\" aria-label=\"Mehr Informationen \u00fcber Willkommen\">Weiterlesen &#8230;<\/a><\/p>\n","protected":false},"author":2,"featured_media":0,"parent":0,"menu_order":0,"comment_status":"closed","ping_status":"closed","template":"","meta":{"footnotes":""},"class_list":["post-20","page","type-page","status-publish"],"_links":{"self":[{"href":"https:\/\/rundesache-coaching.de\/index.php?rest_route=\/wp\/v2\/pages\/20","targetHints":{"allow":["GET"]}}],"collection":[{"href":"https:\/\/rundesache-coaching.de\/index.php?rest_route=\/wp\/v2\/pages"}],"about":[{"href":"https:\/\/rundesache-coaching.de\/index.php?rest_route=\/wp\/v2\/types\/page"}],"author":[{"embeddable":true,"href":"https:\/\/rundesache-coaching.de\/index.php?rest_route=\/wp\/v2\/users\/2"}],"replies":[{"embeddable":true,"href":"https:\/\/rundesache-coaching.de\/index.php?rest_route=%2Fwp%2Fv2%2Fcomments&post=20"}],"version-history":[{"count":15,"href":"https:\/\/rundesache-coaching.de\/index.php?rest_route=\/wp\/v2\/pages\/20\/revisions"}],"predecessor-version":[{"id":332,"href":"https:\/\/rundesache-coaching.de\/index.php?rest_route=\/wp\/v2\/pages\/20\/revisions\/332"}],"wp:attachment":[{"href":"https:\/\/rundesache-coaching.de\/index.php?rest_route=%2Fwp%2Fv2%2Fmedia&parent=20"}],"curies":[{"name":"wp","href":"https:\/\/api.w.org\/{rel}","templated":true}]}}