{"id":235,"date":"2020-11-30T15:59:25","date_gmt":"2020-11-30T13:59:25","guid":{"rendered":"https:\/\/rundesache-coaching.de\/?page_id=235"},"modified":"2020-11-30T16:02:15","modified_gmt":"2020-11-30T14:02:15","slug":"ueber-mich","status":"publish","type":"page","link":"https:\/\/rundesache-coaching.de\/?page_id=235","title":{"rendered":"\u00dcber mich"},"content":{"rendered":"<p>Ich lebe mit Mann und zwei Kindern in meiner Heimatstadt Alzey. Um meine Ortskenntnisse zu erh\u00f6hen habe ich mich nach dem Abitur f\u00fcr einen Auslandsaufenthalt entschieden und nach dem Studium zur Sozialp\u00e4dagogin\/-arbeiterin\u00a0 in Wiesbaden im S\u00fcden der Republik erste Berufserfahrungen gesammelt.\u00a0 Mittlerweile blicke ich auf eine langj\u00e4hrige und vielf\u00e4ltige Berufspraxis in unterschiedlichen T\u00e4tigkeitsfeldern der Sozialen Arbeit und Verwaltung zur\u00fcck.<\/p>\n<p>F\u00fcr meine Aufgabe als Coach habe ich mich nach dem personzentrierten Ansatz von Carl Rogers qualifiziert. Auf der Basis eines humanistischen Weltbildes geht Rogers davon aus, dass Beratung, die in einem vertrauensvollen und offenen Miteinander angeboten und durch Grundhaltungen beg\u00fcnstigt, die von bedingungsfreier Wertsch\u00e4tzung, Echtheit und Empathie getragen sind, ganz entscheidend f\u00fcr die pers\u00f6nliche Entwicklung und Weiterentwicklung ist.<\/p>\n<p>Von der Grundhaltung \u201eJeder ist Experte f\u00fcr sein eigenes Leben\u201c bin ich \u00fcberzeugt! Ratsuchende Menschen ben\u00f6tigen keine Tipps oder Empfehlungen, sondern Unterst\u00fctzung dabei, bereits vorhandene Potentiale zu entfalten und f\u00fcr sich nutzbar zu machen.<\/p>\n<p>In meiner Freizeit bin ich gerne mit meiner Familie auf Reisen und in der\u00a0 Natur unterwegs. Wandern, Radfahren und Schwimmen helfen mir dabei, den Kopf frei zu bekommen und die vielf\u00e4ltigen Sinneseindr\u00fccke beg\u00fcnstigen, Dinge die sich im Kreis drehen mal von einer anderen Seite in den Blick zu nehmen!<\/p>\n","protected":false},"excerpt":{"rendered":"<p>Ich lebe mit Mann und zwei Kindern in meiner Heimatstadt Alzey. Um meine Ortskenntnisse zu erh\u00f6hen habe ich mich nach dem Abitur f\u00fcr einen Auslandsaufenthalt entschieden und nach dem Studium zur Sozialp\u00e4dagogin\/-arbeiterin\u00a0 in Wiesbaden im S\u00fcden der Republik erste Berufserfahrungen gesammelt.\u00a0 Mittlerweile blicke ich auf eine langj\u00e4hrige und vielf\u00e4ltige Berufspraxis in unterschiedlichen T\u00e4tigkeitsfeldern der Sozialen &#8230; <a title=\"\u00dcber mich\" class=\"read-more\" href=\"https:\/\/rundesache-coaching.de\/?page_id=235\" aria-label=\"Mehr Informationen \u00fcber \u00dcber mich\">Weiterlesen &#8230;<\/a><\/p>\n","protected":false},"author":3,"featured_media":0,"parent":0,"menu_order":0,"comment_status":"closed","ping_status":"closed","template":"","meta":{"footnotes":""},"class_list":["post-235","page","type-page","status-publish"],"_links":{"self":[{"href":"https:\/\/rundesache-coaching.de\/index.php?rest_route=\/wp\/v2\/pages\/235","targetHints":{"allow":["GET"]}}],"collection":[{"href":"https:\/\/rundesache-coaching.de\/index.php?rest_route=\/wp\/v2\/pages"}],"about":[{"href":"https:\/\/rundesache-coaching.de\/index.php?rest_route=\/wp\/v2\/types\/page"}],"author":[{"embeddable":true,"href":"https:\/\/rundesache-coaching.de\/index.php?rest_route=\/wp\/v2\/users\/3"}],"replies":[{"embeddable":true,"href":"https:\/\/rundesache-coaching.de\/index.php?rest_route=%2Fwp%2Fv2%2Fcomments&post=235"}],"version-history":[{"count":2,"href":"https:\/\/rundesache-coaching.de\/index.php?rest_route=\/wp\/v2\/pages\/235\/revisions"}],"predecessor-version":[{"id":238,"href":"https:\/\/rundesache-coaching.de\/index.php?rest_route=\/wp\/v2\/pages\/235\/revisions\/238"}],"wp:attachment":[{"href":"https:\/\/rundesache-coaching.de\/index.php?rest_route=%2Fwp%2Fv2%2Fmedia&parent=235"}],"curies":[{"name":"wp","href":"https:\/\/api.w.org\/{rel}","templated":true}]}}