{"id":371,"date":"2022-08-24T17:29:03","date_gmt":"2022-08-24T15:29:03","guid":{"rendered":"https:\/\/rundesache-coaching.de\/?page_id=371"},"modified":"2023-01-18T18:52:36","modified_gmt":"2023-01-18T16:52:36","slug":"erfahrungen","status":"publish","type":"page","link":"https:\/\/rundesache-coaching.de\/?page_id=371","title":{"rendered":"Erfahrungen"},"content":{"rendered":"<p>Im Rahmen meiner T\u00e4tigkeit als Netzwerkkoordinatorin zum Kinderschutz blicke ich auf langj\u00e4hrige Erfahrungen in der Organisation, Durchf\u00fchrung und Moderation von Veranstaltungen im Bereich der Gremienarbeit, von Workshops sowie interdisziplin\u00e4ren Fortbildungsangeboten zur\u00fcck.<\/p>\n<p>Ein Arbeitsbereich, der mir immer sehr viel Freude bereitet hat, weil damit ein wichtiger Grundstein gelegt wird, dass unterschiedliche Disziplinen aneinander zuh\u00f6ren, ins gemeinsame Handeln kommen und Konkurrenzdenken im Interesse der B\u00fcndelung von Kompetenzen \u00fcberwunden werden kann.<\/p>\n<p>Um stressigen Zeiten gegenzusteuern, besch\u00e4ftige ich mich schon seit vielen Jahren mit dem Achtsamkeitstraining nach Jon Kabat-Zinn (Mindfulness-based stress reduction).<\/p>\n<p>Eine innere Haltung einzu\u00fcben, die die Aufmerksamkeit auf das Hier und Jetzt lenkt ohne zu bewerten, tr\u00e4gt nachweislich zu mehr Gelassenheit, innerer Ruhe und Widerstandskraft bei. Daher sind die F\u00f6rderung von Achtsamkeit sowie auch k\u00f6rperorientierte Methoden wichtige Elemente meiner beruflichen Praxis. Denn wenn man mit dem Denken auf der Stelle tritt, kann es ungeheuer hilfreich sein, mal aus dem Kopf auszusteigen und auf die K\u00f6rperwahrnehmung zu fokussieren. Auch das ist eine Form, die einen Perspektivwechsel f\u00f6rdert!<\/p>\n<p>Im eigenen Interesse und zur Gew\u00e4hrleistung qualifizierter Beratung nehme ich regelm\u00e4\u00dfig an Supervisionen teil und stehe im konstanten fachlichen kollegialen Austausch. Dar\u00fcber hinaus bilde ich mich stetig fort, um mein Wissen zu erg\u00e4nzen und meinen Methodenkoffer weiter zu bef\u00fcllen.<\/p>\n<p>Mein wichtigstes Anliegen ist eine vertrauensvolle und einf\u00fchlsame Beziehung zu meinen Kunden*innen aufzubauen.<\/p>\n<p>Ich bin \u00fcberzeugt davon, dass absolutes Zuh\u00f6ren und Verstehen in der Beratung essentielle Instrumente sind, damit sich mein Gegen\u00fcber angenommen f\u00fchlt und der n\u00f6tige Raum geschaffen wird, um mit sich selbst in einen hilfreichen Kontakt zu treten. Hierdurch kommt ein Weiterentwicklungsprozess in Gang, der neue Sichtweisen und Haltungen in Richtung Ver\u00e4nderung f\u00f6rdert.<\/p>\n<blockquote>\n<p style=\"text-align: right;\"><em><img loading=\"lazy\" decoding=\"async\" class=\"size-medium wp-image-372 alignleft\" src=\"https:\/\/rundesache-coaching.de\/wp-content\/uploads\/2022\/08\/relaxation-1715385_640-300x225.jpg\" alt=\"\" width=\"300\" height=\"225\" srcset=\"https:\/\/rundesache-coaching.de\/wp-content\/uploads\/2022\/08\/relaxation-1715385_640-300x225.jpg 300w, https:\/\/rundesache-coaching.de\/wp-content\/uploads\/2022\/08\/relaxation-1715385_640.jpg 640w\" sizes=\"auto, (max-width: 300px) 100vw, 300px\" \/><\/em><\/p>\n<p>&nbsp;<\/p>\n<p style=\"text-align: center;\"><strong><em>&#8222;Wessen wir am meisten im Leben bed\u00fcrfen, ist jemand,<br \/>\nder uns dazu bringt, das zu tun, wozu wir f\u00e4hig sind.&#8220; <\/em><\/strong><\/p>\n<p style=\"text-align: center;\"><em><strong>Ralph Waldo Emerson<\/strong><br \/>\n<\/em><\/p>\n<\/blockquote>\n","protected":false},"excerpt":{"rendered":"<p>Im Rahmen meiner T\u00e4tigkeit als Netzwerkkoordinatorin zum Kinderschutz blicke ich auf langj\u00e4hrige Erfahrungen in der Organisation, Durchf\u00fchrung und Moderation von Veranstaltungen im Bereich der Gremienarbeit, von Workshops sowie interdisziplin\u00e4ren Fortbildungsangeboten zur\u00fcck. Ein Arbeitsbereich, der mir immer sehr viel Freude bereitet hat, weil damit ein wichtiger Grundstein gelegt wird, dass unterschiedliche Disziplinen aneinander zuh\u00f6ren, ins gemeinsame &#8230; <a title=\"Erfahrungen\" class=\"read-more\" href=\"https:\/\/rundesache-coaching.de\/?page_id=371\" aria-label=\"Mehr Informationen \u00fcber Erfahrungen\">Weiterlesen &#8230;<\/a><\/p>\n","protected":false},"author":4,"featured_media":0,"parent":0,"menu_order":0,"comment_status":"closed","ping_status":"closed","template":"","meta":{"footnotes":""},"class_list":["post-371","page","type-page","status-publish"],"_links":{"self":[{"href":"https:\/\/rundesache-coaching.de\/index.php?rest_route=\/wp\/v2\/pages\/371","targetHints":{"allow":["GET"]}}],"collection":[{"href":"https:\/\/rundesache-coaching.de\/index.php?rest_route=\/wp\/v2\/pages"}],"about":[{"href":"https:\/\/rundesache-coaching.de\/index.php?rest_route=\/wp\/v2\/types\/page"}],"author":[{"embeddable":true,"href":"https:\/\/rundesache-coaching.de\/index.php?rest_route=\/wp\/v2\/users\/4"}],"replies":[{"embeddable":true,"href":"https:\/\/rundesache-coaching.de\/index.php?rest_route=%2Fwp%2Fv2%2Fcomments&post=371"}],"version-history":[{"count":7,"href":"https:\/\/rundesache-coaching.de\/index.php?rest_route=\/wp\/v2\/pages\/371\/revisions"}],"predecessor-version":[{"id":454,"href":"https:\/\/rundesache-coaching.de\/index.php?rest_route=\/wp\/v2\/pages\/371\/revisions\/454"}],"wp:attachment":[{"href":"https:\/\/rundesache-coaching.de\/index.php?rest_route=%2Fwp%2Fv2%2Fmedia&parent=371"}],"curies":[{"name":"wp","href":"https:\/\/api.w.org\/{rel}","templated":true}]}}