{"id":427,"date":"2023-01-13T12:01:38","date_gmt":"2023-01-13T10:01:38","guid":{"rendered":"https:\/\/rundesache-coaching.de\/?page_id=427"},"modified":"2023-03-29T00:12:53","modified_gmt":"2023-03-28T22:12:53","slug":"fehlerkultur","status":"publish","type":"page","link":"https:\/\/rundesache-coaching.de\/?page_id=427","title":{"rendered":"Fehlerkultur"},"content":{"rendered":"<h2 style=\"text-align: right;\"><strong>&#8222;Wer einen Fehler gemacht hat und ihn nicht korrigiert, begeht einen zweiten.&#8220;<\/strong><br \/>\n<em>Konfuzius (551 &#8211; 479 v. Chr.)<\/em><\/h2>\n<h4><\/h4>\n<h3 style=\"text-align: center;\"><strong>Fehlerkultur im Team \u2013 konstruktiver Umgang mit Fehlern\u00a0 \u2013<br \/>\nwas sich aus dem, was schlecht gelaufen ist f\u00fcr die Zukunft lernen l\u00e4sst!<\/strong><\/h3>\n<p>Niemand macht absichtlich Fehler und sie sind sicher kein Zeichen von Dummheit. Sie passieren zwangsl\u00e4ufig \u00fcberall dort, wo Menschen arbeiten, handeln und Entscheidungen treffen. Von Bedeutung ist vielmehr, wie wir sie ansprechen und mit ihnen umgehen. Vertuschen, Vorw\u00fcrfe und Schuldzuweisungen sind wenig hilfreich. \u00a0Zusammen als Team durch Reflexion und Analyse Fehlern und m\u00f6glichem Fehlverhalten auf den Grund zu gehen und so Ursachenforschung zu betreiben hat gro\u00dfes Lern- und Ver\u00e4nderungspotential. Fehler als eine Chance zu begreifen und sich konstruktiv mit ihnen auseinanderzusetzen liefert wertvolle Verbesserungsimpulse und kann so wesentlich zur Qualit\u00e4tsentwicklung von Arbeitsprozessen und einer positiven Teamkultur beitragen.<\/p>\n<p>Zudem ist die Haltung einer absoluten Fehlervermeidung unrealistisch und tr\u00e4gt nicht selten zum Scheitern \u00fcberh\u00f6hter Anspr\u00fcche bei. Fehlerakzeptanz sorgt f\u00fcr weniger Angst und Druck, etwas falsch zu machen und erteilt vor allem die Erlaubnis, Fehler ansprechen zu d\u00fcrfen. Ein positiver Umgang mit Fehlern f\u00f6rdert somit eine wertsch\u00e4tzende und vertrauensvolle Arbeitsatmosph\u00e4re und dient damit nicht zuletzt auch der Gesundheit eines jeden Einzelnen.<\/p>\n<p><strong>Inhalte und Ziele des Workshops:<\/strong><\/p>\n<ul>\n<li>Fehlerverst\u00e4ndnis &#8211; was ist alles ein Fehler?<\/li>\n<li><img loading=\"lazy\" decoding=\"async\" class=\"alignright wp-image-489 \" src=\"https:\/\/rundesache-coaching.de\/wp-content\/uploads\/2023\/03\/Inkedman-77495_960_720-1-300x212.jpg\" alt=\"\" width=\"333\" height=\"235\" srcset=\"https:\/\/rundesache-coaching.de\/wp-content\/uploads\/2023\/03\/Inkedman-77495_960_720-1-300x212.jpg 300w, https:\/\/rundesache-coaching.de\/wp-content\/uploads\/2023\/03\/Inkedman-77495_960_720-1-768x542.jpg 768w, https:\/\/rundesache-coaching.de\/wp-content\/uploads\/2023\/03\/Inkedman-77495_960_720-1.jpg 960w\" sizes=\"auto, (max-width: 333px) 100vw, 333px\" \/>Fehler vom Ende her denken &#8211; was kann schlimmstenfalls passieren?<\/li>\n<li>Umgang mit Fehlern: Von der Fehlervermeidung zur Fehlertoleranz<\/li>\n<li>Nutzen und Vorteile einer Fehlerkultur<\/li>\n<li>Reflexion des Umgangs mit eigenen Fehlern<\/li>\n<li>Lern- und Feedbackkultur praktizieren<\/li>\n<li>Aus Fehlern lernen &#8211; Haltung, Kommunikationswege und Umsetzungsschritte zum kreativen und l\u00f6sungsorientierten Umgang mit Fehlern<\/li>\n<li>Routinen zum Umgang mit Fehlern finden und regelhaft umsetzen<\/li>\n<\/ul>\n<p>&nbsp;<\/p>\n<p>Dieses Workshop-Angebot unterst\u00fctzt Sie dabei, als Team aus gemachten Fehlern zu lernen, um weiteren vorzubeugen, sowie eine positive Fehlerkultur zu entwickeln, einzu\u00fcben und regelhaft in Ihrer Einrichtung umzusetzen.<\/p>\n<p>Nehmen Sie gerne Kontakt zu mir auf per E-mail <a href=\"mailto:sabinestrohmenger@web.de\">sabinestrohmenger@web.de<\/a> oder auch telefonisch 06731 4718002.<\/p>\n<p>In einem pers\u00f6nlichen Gespr\u00e4ch legen wir dann gemeinsam die inhaltlichen Schwerpunkte sowie die Terminplanung fest.<\/p>\n<p>&nbsp;<\/p>\n","protected":false},"excerpt":{"rendered":"<p>&#8222;Wer einen Fehler gemacht hat und ihn nicht korrigiert, begeht einen zweiten.&#8220; Konfuzius (551 &#8211; 479 v. Chr.) Fehlerkultur im Team \u2013 konstruktiver Umgang mit Fehlern\u00a0 \u2013 was sich aus dem, was schlecht gelaufen ist f\u00fcr die Zukunft lernen l\u00e4sst! Niemand macht absichtlich Fehler und sie sind sicher kein Zeichen von Dummheit. Sie passieren zwangsl\u00e4ufig &#8230; <a title=\"Fehlerkultur\" class=\"read-more\" href=\"https:\/\/rundesache-coaching.de\/?page_id=427\" aria-label=\"Mehr Informationen \u00fcber Fehlerkultur\">Weiterlesen &#8230;<\/a><\/p>\n","protected":false},"author":4,"featured_media":0,"parent":0,"menu_order":0,"comment_status":"closed","ping_status":"closed","template":"","meta":{"footnotes":""},"class_list":["post-427","page","type-page","status-publish"],"_links":{"self":[{"href":"https:\/\/rundesache-coaching.de\/index.php?rest_route=\/wp\/v2\/pages\/427","targetHints":{"allow":["GET"]}}],"collection":[{"href":"https:\/\/rundesache-coaching.de\/index.php?rest_route=\/wp\/v2\/pages"}],"about":[{"href":"https:\/\/rundesache-coaching.de\/index.php?rest_route=\/wp\/v2\/types\/page"}],"author":[{"embeddable":true,"href":"https:\/\/rundesache-coaching.de\/index.php?rest_route=\/wp\/v2\/users\/4"}],"replies":[{"embeddable":true,"href":"https:\/\/rundesache-coaching.de\/index.php?rest_route=%2Fwp%2Fv2%2Fcomments&post=427"}],"version-history":[{"count":9,"href":"https:\/\/rundesache-coaching.de\/index.php?rest_route=\/wp\/v2\/pages\/427\/revisions"}],"predecessor-version":[{"id":494,"href":"https:\/\/rundesache-coaching.de\/index.php?rest_route=\/wp\/v2\/pages\/427\/revisions\/494"}],"wp:attachment":[{"href":"https:\/\/rundesache-coaching.de\/index.php?rest_route=%2Fwp%2Fv2%2Fmedia&parent=427"}],"curies":[{"name":"wp","href":"https:\/\/api.w.org\/{rel}","templated":true}]}}