{"id":50,"date":"2020-01-12T11:39:03","date_gmt":"2020-01-12T09:39:03","guid":{"rendered":"http:\/\/rundesache-coaching.de\/?page_id=50"},"modified":"2023-01-14T00:21:11","modified_gmt":"2023-01-13T22:21:11","slug":"konzept","status":"publish","type":"page","link":"https:\/\/rundesache-coaching.de\/?page_id=50","title":{"rendered":"Konzept"},"content":{"rendered":"<div class=\"entry-content\">\n<p>Francis Picabia galt seiner Zeit als besonders exzentrischer K\u00fcnstler, der sich keinen politischen oder stilistischen Dogmen unterordnete.\u00a0 So hat er auch mit seiner k\u00fcnstlerischen Vielfalt mehrfach die Stilrichtungen ge\u00e4ndert und die moderne Kunst gepr\u00e4gt.<\/p>\n<h2>Vielfalt und Mehrdimensionalit\u00e4t<\/h2>\n<p>Diese Vielfalt und\u00a0 Mehrdimensionalit\u00e4t findet sich auch in dem von ihm formulierten Satz, der mich besonders anspricht und meine ganz pers\u00f6nliche Haltung in Beratung und Coaching wiederspiegelt. Unser Denken und damit unsere Gedanken, Einstellungen, Haltungen sind ver\u00e4nderbar. Wir k\u00f6nnen eben beim Denken die Richtung wechseln, kreuz und quer denken, einen Perspektivwechsel vornehmen, einen anderen Standpunkt einnehmen, von allen Seiten auf die Dinge schauen\u2026<\/p>\n<p>Auch wenn uns das Denken immer wieder mal in Einbahnstra\u00dfen und Sackgassen f\u00fchrt, verharren m\u00fcssen wir dort nicht und ein Weiterkommen ist immer m\u00f6glich, mit und ohne Umwege. Die unterschiedlichen M\u00f6glichkeiten, die uns unser runder Kopf bietet, sind eine wichtige Voraussetzung, um Kl\u00e4rungs- und Ver\u00e4nderungsprozesse in Gang zu setzen und eine Entwicklung zu einer runden Sache werden zu lassen.<\/p>\n<p>Daneben ist auch die gezielte Wahrnehmung unserer k\u00f6rperlichen Empfindungen zu dem, was uns beispielsweise verletzt, \u00e4rgert oder wo wir auf der Stelle treten hilfreich, um L\u00f6sungen zu erarbeiten und sich pers\u00f6nlich weiter zu entwickeln. Denn prinzipiell haben wir ein Gesp\u00fcr daf\u00fcr, was passend und stimmig ist. Auch wenn die Wahrnehmung vielleicht zun\u00e4chst noch vage ist, Bilder, Gef\u00fchle oder einzelne Worte auftauchen, die noch nicht zuordenbar sind und nicht den Gesetzm\u00e4\u00dfigkeiten des logischen Denkens folgen, er\u00f6ffnet uns das Fokussieren auf das k\u00f6rperliche Erleben zu einer bestimmten Situation, einem Thema oder einem Problem neue Zug\u00e4nge f\u00fcr L\u00f6sungsfindungen.<\/p>\n<p>Denken und Verstand mit unserem k\u00f6rperlichen Wissen zu den jeweiligen pers\u00f6nlichen Fragestellungen miteinander zu verbinden, vervollst\u00e4ndigt meine Konzeptidee und macht mein Angebot f\u00fcr Sie zu einer Runden Sache !<\/p>\n<p><img loading=\"lazy\" decoding=\"async\" class=\"alignnone size-medium wp-image-448 aligncenter\" src=\"https:\/\/rundesache-coaching.de\/wp-content\/uploads\/2023\/01\/yin-yang-5178809_640-297x300.png\" alt=\"\" width=\"297\" height=\"300\" srcset=\"https:\/\/rundesache-coaching.de\/wp-content\/uploads\/2023\/01\/yin-yang-5178809_640-297x300.png 297w, https:\/\/rundesache-coaching.de\/wp-content\/uploads\/2023\/01\/yin-yang-5178809_640.png 633w\" sizes=\"auto, (max-width: 297px) 100vw, 297px\" \/><\/p>\n<p>&nbsp;<\/p>\n<h3><\/h3>\n<\/div>\n","protected":false},"excerpt":{"rendered":"<p>Francis Picabia galt seiner Zeit als besonders exzentrischer K\u00fcnstler, der sich keinen politischen oder stilistischen Dogmen unterordnete.\u00a0 So hat er auch mit seiner k\u00fcnstlerischen Vielfalt mehrfach die Stilrichtungen ge\u00e4ndert und die moderne Kunst gepr\u00e4gt. Vielfalt und Mehrdimensionalit\u00e4t Diese Vielfalt und\u00a0 Mehrdimensionalit\u00e4t findet sich auch in dem von ihm formulierten Satz, der mich besonders anspricht und &#8230; <a title=\"Konzept\" class=\"read-more\" href=\"https:\/\/rundesache-coaching.de\/?page_id=50\" aria-label=\"Mehr Informationen \u00fcber Konzept\">Weiterlesen &#8230;<\/a><\/p>\n","protected":false},"author":2,"featured_media":0,"parent":0,"menu_order":0,"comment_status":"closed","ping_status":"closed","template":"","meta":{"footnotes":""},"class_list":["post-50","page","type-page","status-publish"],"_links":{"self":[{"href":"https:\/\/rundesache-coaching.de\/index.php?rest_route=\/wp\/v2\/pages\/50","targetHints":{"allow":["GET"]}}],"collection":[{"href":"https:\/\/rundesache-coaching.de\/index.php?rest_route=\/wp\/v2\/pages"}],"about":[{"href":"https:\/\/rundesache-coaching.de\/index.php?rest_route=\/wp\/v2\/types\/page"}],"author":[{"embeddable":true,"href":"https:\/\/rundesache-coaching.de\/index.php?rest_route=\/wp\/v2\/users\/2"}],"replies":[{"embeddable":true,"href":"https:\/\/rundesache-coaching.de\/index.php?rest_route=%2Fwp%2Fv2%2Fcomments&post=50"}],"version-history":[{"count":7,"href":"https:\/\/rundesache-coaching.de\/index.php?rest_route=\/wp\/v2\/pages\/50\/revisions"}],"predecessor-version":[{"id":452,"href":"https:\/\/rundesache-coaching.de\/index.php?rest_route=\/wp\/v2\/pages\/50\/revisions\/452"}],"wp:attachment":[{"href":"https:\/\/rundesache-coaching.de\/index.php?rest_route=%2Fwp%2Fv2%2Fmedia&parent=50"}],"curies":[{"name":"wp","href":"https:\/\/api.w.org\/{rel}","templated":true}]}}