{"id":53,"date":"2020-01-12T11:41:42","date_gmt":"2020-01-12T09:41:42","guid":{"rendered":"http:\/\/rundesache-coaching.de\/?page_id=53"},"modified":"2020-01-15T11:45:43","modified_gmt":"2020-01-15T09:45:43","slug":"einzelcoaching","status":"publish","type":"page","link":"https:\/\/rundesache-coaching.de\/?page_id=53","title":{"rendered":"Einzelcoaching"},"content":{"rendered":"<p><img loading=\"lazy\" decoding=\"async\" class=\"alignnone size-full wp-image-40\" src=\"http:\/\/rundesache-coaching.de\/wp-content\/uploads\/2020\/01\/coaching2.jpg\" alt=\"\" width=\"1600\" height=\"600\" \/><\/p>\n<blockquote><p>\u201eEs ist ein seltsames Paradox, dass ich mich dann \u00e4ndern kann,<br \/>\nwenn ich mich akzeptiere, wie ich bin.\u201c<br \/>\nCarl Rogers<\/p><\/blockquote>\n<p>Als Einzelperson bietet Ihnen Coaching als professionelle Beratung eine individuelle Unterst\u00fctzung und Begleitung bei Kl\u00e4rungsbedarfen vorwiegend im Zusammenhang mit Ihrer beruflichen Rolle und dem Anliegen nach pers\u00f6nlicher Weiterentwicklung.<\/p>\n<p>Ziel ist eine verbesserte Wahrnehmung der eigenen Bed\u00fcrfnisse und Potenziale, um mehr Sicherheit und Zufriedenheit auf dem Weg der beruflichen Entwicklung und Identit\u00e4t zu erlangen.<\/p>\n<h3>Anl\u00e4sse f\u00fcr ein Einzelcoaching k\u00f6nnen sein:<\/h3>\n<ul>\n<li>Kl\u00e4rungshilfe in akuten oder auch schon l\u00e4nger anhaltenden Konfliktsituationen auf unterschiedlichen Ebenen im beruflichen Kontext z.B. Organisations-, Arbeits-, Beziehungsebene<\/li>\n<li>Arbeitsorganisation und Selbstmanagement<\/li>\n<li>Vorbereitung auf neue Aufgaben, Positionen, F\u00fchrungsverantwortung- und verhalten<\/li>\n<li>Leistungs-, Kreativit\u00e4ts- und Motivationsblockaden entgegen zu wirken und Hindernisse zu beseitigen<\/li>\n<li>Bed\u00fcrfnis nach mehr Sicherheit im Umgang mit beruflichen Entscheidungen<\/li>\n<li>Karriere-, Ziel- und Zukunftsfragen<\/li>\n<li>\u2026<\/li>\n<\/ul>\n<p>Im Einzelcoaching k\u00f6nnen die Anliegen sehr umfassend sein und \u2013 sofern gew\u00fcnscht \u2013 auch langfristig bearbeitet werden. Da berufliche und private Themen oft nicht zu trennen sind bzw. sich gegenseitig beeinflussen, reichen die Ma\u00dfnahmen auch in den privaten Bereich hinein, wenn dies notwendig erscheint und gewollt ist.<\/p>\n<p>Jedes Einzelcoaching richtet sich ganz nach Ihren Themen. Vereinbaren Sie einen Termin mit mir. In einem Erstgespr\u00e4ch kl\u00e4ren wir Ihr Anliegen und bestimmen gemeinsam Zielsetzung, Inhalt und Ablauf des Coachings.<\/p>\n","protected":false},"excerpt":{"rendered":"<p>\u201eEs ist ein seltsames Paradox, dass ich mich dann \u00e4ndern kann, wenn ich mich akzeptiere, wie ich bin.\u201c Carl Rogers Als Einzelperson bietet Ihnen Coaching als professionelle Beratung eine individuelle Unterst\u00fctzung und Begleitung bei Kl\u00e4rungsbedarfen vorwiegend im Zusammenhang mit Ihrer beruflichen Rolle und dem Anliegen nach pers\u00f6nlicher Weiterentwicklung. Ziel ist eine verbesserte Wahrnehmung der eigenen &#8230; <a title=\"Einzelcoaching\" class=\"read-more\" href=\"https:\/\/rundesache-coaching.de\/?page_id=53\" aria-label=\"Mehr Informationen \u00fcber Einzelcoaching\">Weiterlesen &#8230;<\/a><\/p>\n","protected":false},"author":2,"featured_media":0,"parent":0,"menu_order":0,"comment_status":"closed","ping_status":"closed","template":"","meta":{"footnotes":""},"class_list":["post-53","page","type-page","status-publish"],"_links":{"self":[{"href":"https:\/\/rundesache-coaching.de\/index.php?rest_route=\/wp\/v2\/pages\/53","targetHints":{"allow":["GET"]}}],"collection":[{"href":"https:\/\/rundesache-coaching.de\/index.php?rest_route=\/wp\/v2\/pages"}],"about":[{"href":"https:\/\/rundesache-coaching.de\/index.php?rest_route=\/wp\/v2\/types\/page"}],"author":[{"embeddable":true,"href":"https:\/\/rundesache-coaching.de\/index.php?rest_route=\/wp\/v2\/users\/2"}],"replies":[{"embeddable":true,"href":"https:\/\/rundesache-coaching.de\/index.php?rest_route=%2Fwp%2Fv2%2Fcomments&post=53"}],"version-history":[{"count":4,"href":"https:\/\/rundesache-coaching.de\/index.php?rest_route=\/wp\/v2\/pages\/53\/revisions"}],"predecessor-version":[{"id":117,"href":"https:\/\/rundesache-coaching.de\/index.php?rest_route=\/wp\/v2\/pages\/53\/revisions\/117"}],"wp:attachment":[{"href":"https:\/\/rundesache-coaching.de\/index.php?rest_route=%2Fwp%2Fv2%2Fmedia&parent=53"}],"curies":[{"name":"wp","href":"https:\/\/api.w.org\/{rel}","templated":true}]}}