{"id":59,"date":"2020-01-12T11:44:47","date_gmt":"2020-01-12T09:44:47","guid":{"rendered":"http:\/\/rundesache-coaching.de\/?page_id=59"},"modified":"2020-01-15T12:30:48","modified_gmt":"2020-01-15T10:30:48","slug":"moderation-2","status":"publish","type":"page","link":"https:\/\/rundesache-coaching.de\/?page_id=59","title":{"rendered":"Moderation"},"content":{"rendered":"<p><img loading=\"lazy\" decoding=\"async\" class=\"alignnone size-full wp-image-43\" src=\"https:\/\/rundesache-coaching.de\/wp-content\/uploads\/2020\/01\/moderation.jpg\" alt=\"\" width=\"1600\" height=\"600\" \/><\/p>\n<p>Moderation ist eine Methode, um in Gruppen einen gemeinsamen Lern- und Arbeitsprozess zu gestalten. Hierf\u00fcr werden vielf\u00e4ltige Methoden eingesetzt, die die Kreativit\u00e4t f\u00f6rdern, ergebnisorientiert sind und eine offene Arbeitsatmosph\u00e4re bieten.<\/p>\n<p>Dabei f\u00e4llt der Moderation die wichtige Aufgabe zu, den Ablauf zu strukturieren und die erarbeiteten Inhalte in einer eindeutigen und weiter verwendbaren Form zu dokumentieren. Dar\u00fcber hinaus wird durch das \u201eSichtbarmachen\u201c und Strukturieren von Argumenten und L\u00f6sungsans\u00e4tzen ein klarer, immer wieder \u00fcberpr\u00fcfbarer Diskussionsverlauf gew\u00e4hrleistet. Ziel ist es, durch die Moderation allseitige Transparenz herzustellen.<\/p>\n<p>Die Moderation tr\u00e4gt somit die Verantwortung f\u00fcr die Rahmenbedingungen und die Gestaltung des Prozesses, nicht aber f\u00fcr das Ergebnis und dessen Umsetzung!<\/p>\n<h3>Veranstaltungsformate, die durch den Einsatz einer Moderation den Erfolg sichern:<\/h3>\n<ul>\n<li>Klausurtagungen<\/li>\n<li>Konzeptionstage<\/li>\n<li>Podiumsdiskussionen<\/li>\n<li>Workshops<\/li>\n<li>Seminare<\/li>\n<\/ul>\n<p>Wenn Sie Interesse haben, mich als externe Moderatorin zu buchen, sprechen Sie mich gerne an!<\/p>\n","protected":false},"excerpt":{"rendered":"<p>Moderation ist eine Methode, um in Gruppen einen gemeinsamen Lern- und Arbeitsprozess zu gestalten. Hierf\u00fcr werden vielf\u00e4ltige Methoden eingesetzt, die die Kreativit\u00e4t f\u00f6rdern, ergebnisorientiert sind und eine offene Arbeitsatmosph\u00e4re bieten. Dabei f\u00e4llt der Moderation die wichtige Aufgabe zu, den Ablauf zu strukturieren und die erarbeiteten Inhalte in einer eindeutigen und weiter verwendbaren Form zu dokumentieren. &#8230; <a title=\"Moderation\" class=\"read-more\" href=\"https:\/\/rundesache-coaching.de\/?page_id=59\" aria-label=\"Mehr Informationen \u00fcber Moderation\">Weiterlesen &#8230;<\/a><\/p>\n","protected":false},"author":2,"featured_media":0,"parent":0,"menu_order":0,"comment_status":"closed","ping_status":"closed","template":"","meta":{"footnotes":""},"class_list":["post-59","page","type-page","status-publish"],"_links":{"self":[{"href":"https:\/\/rundesache-coaching.de\/index.php?rest_route=\/wp\/v2\/pages\/59","targetHints":{"allow":["GET"]}}],"collection":[{"href":"https:\/\/rundesache-coaching.de\/index.php?rest_route=\/wp\/v2\/pages"}],"about":[{"href":"https:\/\/rundesache-coaching.de\/index.php?rest_route=\/wp\/v2\/types\/page"}],"author":[{"embeddable":true,"href":"https:\/\/rundesache-coaching.de\/index.php?rest_route=\/wp\/v2\/users\/2"}],"replies":[{"embeddable":true,"href":"https:\/\/rundesache-coaching.de\/index.php?rest_route=%2Fwp%2Fv2%2Fcomments&post=59"}],"version-history":[{"count":4,"href":"https:\/\/rundesache-coaching.de\/index.php?rest_route=\/wp\/v2\/pages\/59\/revisions"}],"predecessor-version":[{"id":140,"href":"https:\/\/rundesache-coaching.de\/index.php?rest_route=\/wp\/v2\/pages\/59\/revisions\/140"}],"wp:attachment":[{"href":"https:\/\/rundesache-coaching.de\/index.php?rest_route=%2Fwp%2Fv2%2Fmedia&parent=59"}],"curies":[{"name":"wp","href":"https:\/\/api.w.org\/{rel}","templated":true}]}}