{"id":61,"date":"2020-01-12T11:46:10","date_gmt":"2020-01-12T09:46:10","guid":{"rendered":"http:\/\/rundesache-coaching.de\/?page_id=61"},"modified":"2022-05-12T21:24:25","modified_gmt":"2022-05-12T19:24:25","slug":"wege-zur-selbstreflexion","status":"publish","type":"page","link":"https:\/\/rundesache-coaching.de\/?page_id=61","title":{"rendered":"Wege zur Selbstreflexion"},"content":{"rendered":"<h2>\u201eEin Bild sagt mehr als tausend Worte\u201c\u2026.<\/h2>\n<p>\u2026 eine oft verwendete Metapher, die verdeutlicht, dass Bilder eine weitaus gr\u00f6\u00dfere Aussagekraft und Verstehensebene haben k\u00f6nnen, als das gesprochene Wort. Viele Menschen sprechen gerne in Bildern. Sie reden, erinnern sich und tr\u00e4umen in Bildern. Bilder dr\u00fccken auch h\u00e4ufig ein zugeh\u00f6riges Gef\u00fchl zum Sachverhalt aus und sind daher auch besonders wirksam bei der Verarbeitung emotionaler Prozesse. Komplexe Sachverhalte k\u00f6nnen mit Bildern, selbstgemachten oder auch Fotografien, meist einfach erkl\u00e4rt werden und Klarheit verschaffen.<\/p>\n<p>Fotos \u00fcben eine Faszination aus. Das Alltagsgeschehen kann so aus verschiedenen Blickwinkeln wahrgenommen werden, was beim Betrachter selbst zur Reflexion des Gesehenen in verschiedenen Kontexten sowie h\u00e4ufig auch zu einem Perspektivwechsel und der Erweiterung von M\u00f6glichkeiten f\u00fchrt.<\/p>\n<p>Kann man auf eine Sache anders drauf schauen, den Hintergrund st\u00e4rker in den Vordergrund r\u00fccken und umgekehrt, mehr Details wahrnehmen oder ausblenden, oder das Gro\u00dfe und Ganze f\u00fcgt sich zu einem Bild zusammen?<\/p>\n<p>Schauen Sie sich die nachfolgenden Bilder unter einer bestimmten Fragestellung an, wie z.B.<\/p>\n<ul>\n<li>Wie ist meine gegenw\u00e4rtige Gef\u00fchlslage?<\/li>\n<li>Welches berufliche Ziel verfolge ich?<\/li>\n<li>Wo liegen meine Kompetenzen?<\/li>\n<li>\u2026<\/li>\n<\/ul>\n<p>Wenn Sie zu Ihrer pers\u00f6nlichen Fragestellung ein Bild besonders anspricht, dann bietet dies die M\u00f6glichkeit, sich intensiver einem Thema zu widmen, damit verbundene Aspekte und Sichtweisen zu vertiefen und m\u00f6gliche Antworten zu finden oder auch Neues, bisher nicht Gedachtes zu entdecken.<\/p>\n<h2>Probieren Sie es einfach aus<\/h2>\n<div id=\"metaslider-id-122\" style=\"width: 100%;\" class=\"ml-slider-3-101-0 metaslider metaslider-flex metaslider-122 ml-slider has-dots-nav ms-theme-default\" role=\"region\" aria-label=\"selbstreflexion\" data-height=\"600\" data-width=\"1280\">\n    <div id=\"metaslider_container_122\">\n        <div id=\"metaslider_122\">\n            <ul class='slides'>\n                <li style=\"display: block; width: 100%;\" class=\"slide-134 ms-image \" aria-roledescription=\"slide\" data-date=\"2020-01-15 12:02:23\"><img loading=\"lazy\" decoding=\"async\" width=\"800\" height=\"600\" src=\"https:\/\/rundesache-coaching.de\/wp-content\/uploads\/2020\/11\/DSC00365.jpg\" class=\"slider-122 slide-134 msDefaultImage\" alt=\"\" rel=\"\" title=\"DSC00365\" style=\"margin: 0 auto; width: 62.5%\" srcset=\"https:\/\/rundesache-coaching.de\/wp-content\/uploads\/2020\/11\/DSC00365.jpg 800w, https:\/\/rundesache-coaching.de\/wp-content\/uploads\/2020\/11\/DSC00365-300x225.jpg 300w, https:\/\/rundesache-coaching.de\/wp-content\/uploads\/2020\/11\/DSC00365-768x576.jpg 768w\" sizes=\"auto, (max-width: 800px) 100vw, 800px\" \/><\/li>\n                <li style=\"display: none; width: 100%;\" class=\"slide-210 ms-image \" aria-roledescription=\"slide\" data-date=\"2020-11-09 12:13:43\"><img loading=\"lazy\" decoding=\"async\" width=\"450\" height=\"600\" src=\"https:\/\/rundesache-coaching.de\/wp-content\/uploads\/2020\/11\/DSC00398.jpg\" class=\"slider-122 slide-210 msDefaultImage\" alt=\"\" rel=\"\" title=\"DSC00398\" style=\"margin: 0 auto; width: 35.15625%\" srcset=\"https:\/\/rundesache-coaching.de\/wp-content\/uploads\/2020\/11\/DSC00398.jpg 450w, https:\/\/rundesache-coaching.de\/wp-content\/uploads\/2020\/11\/DSC00398-225x300.jpg 225w\" sizes=\"auto, (max-width: 450px) 100vw, 450px\" \/><\/li>\n                <li style=\"display: none; width: 100%;\" class=\"slide-211 ms-image \" aria-roledescription=\"slide\" data-date=\"2020-11-09 12:13:43\"><img loading=\"lazy\" decoding=\"async\" width=\"1280\" height=\"718\" src=\"https:\/\/rundesache-coaching.de\/wp-content\/uploads\/2020\/11\/DSC02884.jpg\" class=\"slider-122 slide-211 msDefaultImage\" alt=\"\" rel=\"\" title=\"DSC02884\" style=\"margin: 0 auto; width: 83.565459610028%\" srcset=\"https:\/\/rundesache-coaching.de\/wp-content\/uploads\/2020\/11\/DSC02884.jpg 1280w, https:\/\/rundesache-coaching.de\/wp-content\/uploads\/2020\/11\/DSC02884-300x168.jpg 300w, https:\/\/rundesache-coaching.de\/wp-content\/uploads\/2020\/11\/DSC02884-1024x574.jpg 1024w, https:\/\/rundesache-coaching.de\/wp-content\/uploads\/2020\/11\/DSC02884-768x431.jpg 768w\" sizes=\"auto, (max-width: 1280px) 100vw, 1280px\" \/><\/li>\n                <li style=\"display: none; width: 100%;\" class=\"slide-136 ms-image \" aria-roledescription=\"slide\" data-date=\"2020-01-15 12:02:23\"><img loading=\"lazy\" decoding=\"async\" width=\"800\" height=\"600\" src=\"https:\/\/rundesache-coaching.de\/wp-content\/uploads\/2020\/11\/DSC01355.jpg\" class=\"slider-122 slide-136 msDefaultImage\" alt=\"\" rel=\"\" title=\"DSC01355\" style=\"margin: 0 auto; width: 62.5%\" srcset=\"https:\/\/rundesache-coaching.de\/wp-content\/uploads\/2020\/11\/DSC01355.jpg 800w, https:\/\/rundesache-coaching.de\/wp-content\/uploads\/2020\/11\/DSC01355-300x225.jpg 300w, https:\/\/rundesache-coaching.de\/wp-content\/uploads\/2020\/11\/DSC01355-768x576.jpg 768w\" sizes=\"auto, (max-width: 800px) 100vw, 800px\" \/><\/li>\n                <li style=\"display: none; width: 100%;\" class=\"slide-324 ms-image \" aria-roledescription=\"slide\" data-date=\"2022-05-12 21:19:46\"><img loading=\"lazy\" decoding=\"async\" width=\"768\" height=\"1024\" src=\"https:\/\/rundesache-coaching.de\/wp-content\/uploads\/2020\/01\/DSC01216.jpg\" class=\"slider-122 slide-324 msDefaultImage\" alt=\"\" rel=\"\" title=\"DSC01216\" style=\"margin: 0 auto; width: 35.15625%\" \/><\/li>\n                <li style=\"display: none; width: 100%;\" class=\"slide-325 ms-image \" aria-roledescription=\"slide\" data-date=\"2022-05-12 21:20:14\"><img loading=\"lazy\" decoding=\"async\" width=\"640\" height=\"428\" src=\"https:\/\/rundesache-coaching.de\/wp-content\/uploads\/2020\/02\/conversation-3513843_640.jpg\" class=\"slider-122 slide-325 msDefaultImage\" alt=\"\" rel=\"\" title=\"conversation-3513843_640\" style=\"margin: 0 auto; width: 70.093457943925%\" \/><\/li>\n                <li style=\"display: none; width: 100%;\" class=\"slide-326 ms-image \" aria-roledescription=\"slide\" data-date=\"2022-05-12 21:20:43\"><img loading=\"lazy\" decoding=\"async\" width=\"800\" height=\"588\" src=\"https:\/\/rundesache-coaching.de\/wp-content\/uploads\/2020\/11\/DSC00201.jpg\" class=\"slider-122 slide-326 msDefaultImage\" alt=\"\" rel=\"\" title=\"DSC00201\" style=\"margin: 0 auto; width: 63.775510204082%\" srcset=\"https:\/\/rundesache-coaching.de\/wp-content\/uploads\/2020\/11\/DSC00201.jpg 800w, https:\/\/rundesache-coaching.de\/wp-content\/uploads\/2020\/11\/DSC00201-300x221.jpg 300w, https:\/\/rundesache-coaching.de\/wp-content\/uploads\/2020\/11\/DSC00201-768x564.jpg 768w\" sizes=\"auto, (max-width: 800px) 100vw, 800px\" \/><\/li>\n                <li style=\"display: none; width: 100%;\" class=\"slide-327 ms-image \" aria-roledescription=\"slide\" data-date=\"2022-05-12 21:21:22\"><img loading=\"lazy\" decoding=\"async\" width=\"1280\" height=\"786\" src=\"https:\/\/rundesache-coaching.de\/wp-content\/uploads\/2020\/01\/DSC05483.jpg\" class=\"slider-122 slide-327 msDefaultImage\" alt=\"\" rel=\"\" title=\"DSC05483\" style=\"margin: 0 auto; width: 76.335877862595%\" \/><\/li>\n            <\/ul>\n        <\/div>\n        \n    <\/div>\n<\/div>\n","protected":false},"excerpt":{"rendered":"<p>\u201eEin Bild sagt mehr als tausend Worte\u201c\u2026. \u2026 eine oft verwendete Metapher, die verdeutlicht, dass Bilder eine weitaus gr\u00f6\u00dfere Aussagekraft und Verstehensebene haben k\u00f6nnen, als das gesprochene Wort. Viele Menschen sprechen gerne in Bildern. Sie reden, erinnern sich und tr\u00e4umen in Bildern. Bilder dr\u00fccken auch h\u00e4ufig ein zugeh\u00f6riges Gef\u00fchl zum Sachverhalt aus und sind daher &#8230; <a title=\"Wege zur Selbstreflexion\" class=\"read-more\" href=\"https:\/\/rundesache-coaching.de\/?page_id=61\" aria-label=\"Mehr Informationen \u00fcber Wege zur Selbstreflexion\">Weiterlesen &#8230;<\/a><\/p>\n","protected":false},"author":2,"featured_media":0,"parent":0,"menu_order":0,"comment_status":"closed","ping_status":"closed","template":"","meta":{"footnotes":""},"class_list":["post-61","page","type-page","status-publish"],"_links":{"self":[{"href":"https:\/\/rundesache-coaching.de\/index.php?rest_route=\/wp\/v2\/pages\/61","targetHints":{"allow":["GET"]}}],"collection":[{"href":"https:\/\/rundesache-coaching.de\/index.php?rest_route=\/wp\/v2\/pages"}],"about":[{"href":"https:\/\/rundesache-coaching.de\/index.php?rest_route=\/wp\/v2\/types\/page"}],"author":[{"embeddable":true,"href":"https:\/\/rundesache-coaching.de\/index.php?rest_route=\/wp\/v2\/users\/2"}],"replies":[{"embeddable":true,"href":"https:\/\/rundesache-coaching.de\/index.php?rest_route=%2Fwp%2Fv2%2Fcomments&post=61"}],"version-history":[{"count":5,"href":"https:\/\/rundesache-coaching.de\/index.php?rest_route=\/wp\/v2\/pages\/61\/revisions"}],"predecessor-version":[{"id":328,"href":"https:\/\/rundesache-coaching.de\/index.php?rest_route=\/wp\/v2\/pages\/61\/revisions\/328"}],"wp:attachment":[{"href":"https:\/\/rundesache-coaching.de\/index.php?rest_route=%2Fwp%2Fv2%2Fmedia&parent=61"}],"curies":[{"name":"wp","href":"https:\/\/api.w.org\/{rel}","templated":true}]}}